{"id":29,"date":"2015-01-09T13:46:25","date_gmt":"2015-01-09T13:46:25","guid":{"rendered":"http:\/\/www.mahne-germann.de\/?page_id=29"},"modified":"2023-09-01T09:22:11","modified_gmt":"2023-09-01T09:22:11","slug":"notar","status":"publish","type":"page","link":"https:\/\/www.mahne-germann.de\/en\/profil\/notar\/","title":{"rendered":"Notary"},"content":{"rendered":"<h2><span class=\"grey\">Notaries are knowledgeable, independent and neutral.<\/span><\/h2>\n<p>They ensure that important declarations and contracts are formulated in a legally secure manner and are valid beyond doubt. This is because a notarial deed has public evidentiary value and is valid for an unlimited period of time. <\/p>\n<p><strong>Focus of activities of the notary<\/strong> <br \/>\n<strong>Corporation:<\/strong> start-ups, articles of association, transformation and restructuring, company acquisition contracts, settlement of company succession, shareholder meetings, general meetings, change of partners, applications to the register <\/p>\n<p><strong>Real estate:<\/strong> Sale contracts for plots of land, houses and flats, purchase from property developers, gifting of real estate, project development in the area of residential and commercial real estate, division into condominiums, transfer of a business with real estate<\/p>\n<p><strong>Inherit and pass on:<\/strong> wills and inheritance contracts, anticipated succession, donations, securing the continuation of a business, renunciation of inheritance and forced heirship, certificate of heirship applications, Inheritance discussions, execution of a will <\/p>\n<p><strong>Precautions:<\/strong> powers of attorney and powers of attorney for health care, care directives and living wills <\/p>\n<p><strong>Partnership and family:<\/strong> marriage contract, civil partnership contracts, agreement after separation and divorce, contracts for non-marital partnerships<\/p>","protected":false},"excerpt":{"rendered":"<p>Notaries are knowledgeable, independent and neutral. They ensure that important declarations and contracts are formulated in a legally secure manner and are valid beyond doubt. This is because a notarial deed has public evidentiary value and is valid for an unlimited period of time. Focus of activities of the notary Corporation: start-ups, articles of association, &hellip; <a href=\"https:\/\/www.mahne-germann.de\/en\/profil\/notar\/\" class=\"more-link\">Continue reading <span class=\"screen-reader-text\">Notary<\/span> <span class=\"meta-nav\">&rarr;<\/span><\/a><\/p>\n","protected":false},"author":1,"featured_media":0,"parent":8,"menu_order":0,"comment_status":"closed","ping_status":"closed","template":"","meta":{"footnotes":""},"class_list":["post-29","page","type-page","status-publish","hentry"],"yoast_head":"<!-- This site is optimized with the Yoast SEO plugin v27.4 - https:\/\/yoast.com\/product\/yoast-seo-wordpress\/ -->\n<title>Notary - mahne-germann.de<\/title>\n<meta name=\"description\" content=\"notarielle Urkunde, beweiskraft, Grundst\u00fccke, H\u00e4user und Wohnungen, Kauf von Bautr\u00e4gern, Immobilienschenkungen\" \/>\n<meta name=\"robots\" content=\"index, follow, max-snippet:-1, max-image-preview:large, max-video-preview:-1\" \/>\n<link rel=\"canonical\" href=\"https:\/\/www.mahne-germann.de\/profil\/notar\/\" \/>\n<meta property=\"og:locale\" content=\"en_US\" \/>\n<meta property=\"og:type\" content=\"article\" \/>\n<meta property=\"og:title\" content=\"Notary - mahne-germann.de\" \/>\n<meta property=\"og:description\" content=\"{:de}Notare Hannover sachkundig, unabh\u00e4ngig und neutralnotarielle Urkunde, beweiskraft, Grundst\u00fccke, H\u00e4user und Wohnungen, Kauf von Bautr\u00e4gern, Immobilienschenkungen{:en}notarielle Urkunde, beweiskraft, Grundst\u00fccke, H\u00e4user und Wohnungen, Kauf von Bautr\u00e4gern, Immobilienschenkungen{:}\" \/>\n<meta property=\"og:url\" content=\"https:\/\/www.mahne-germann.de\/profil\/notar\/\" \/>\n<meta property=\"og:site_name\" content=\"mahne-germann.de\" \/>\n<meta property=\"article:modified_time\" content=\"2023-09-01T09:22:11+00:00\" \/>\n<meta name=\"twitter:label1\" content=\"Est. reading time\" \/>\n\t<meta name=\"twitter:data1\" content=\"2 minutes\" \/>\n<script type=\"application\/ld+json\" class=\"yoast-schema-graph\">{\"@context\":\"https:\\\/\\\/schema.org\",\"@graph\":[{\"@type\":\"WebPage\",\"@id\":\"https:\\\/\\\/www.mahne-germann.de\\\/profil\\\/notar\\\/\",\"url\":\"https:\\\/\\\/www.mahne-germann.de\\\/profil\\\/notar\\\/\",\"name\":\"Notary - mahne-germann.de\",\"isPartOf\":{\"@id\":\"https:\\\/\\\/www.mahne-germann.de\\\/#website\"},\"datePublished\":\"2015-01-09T13:46:25+00:00\",\"dateModified\":\"2023-09-01T09:22:11+00:00\",\"description\":\"{:de}Notare Hannover sachkundig, unabh\u00e4ngig und neutralnotarielle Urkunde, beweiskraft, Grundst\u00fccke, H\u00e4user und Wohnungen, Kauf von Bautr\u00e4gern, Immobilienschenkungen{:en}notarielle Urkunde, beweiskraft, Grundst\u00fccke, H\u00e4user und Wohnungen, Kauf von Bautr\u00e4gern, Immobilienschenkungen{:}\",\"breadcrumb\":{\"@id\":\"https:\\\/\\\/www.mahne-germann.de\\\/profil\\\/notar\\\/#breadcrumb\"},\"inLanguage\":\"en-US\",\"potentialAction\":[{\"@type\":\"ReadAction\",\"target\":[\"https:\\\/\\\/www.mahne-germann.de\\\/profil\\\/notar\\\/\"]}]},{\"@type\":\"BreadcrumbList\",\"@id\":\"https:\\\/\\\/www.mahne-germann.de\\\/profil\\\/notar\\\/#breadcrumb\",\"itemListElement\":[{\"@type\":\"ListItem\",\"position\":1,\"name\":\"Home\",\"item\":\"https:\\\/\\\/www.mahne-germann.de\\\/\"},{\"@type\":\"ListItem\",\"position\":2,\"name\":\"Philosophie Ziele Grunds\u00e4tze\",\"item\":\"https:\\\/\\\/www.mahne-germann.de\\\/profil\\\/\"},{\"@type\":\"ListItem\",\"position\":3,\"name\":\"Notare\"}]},{\"@type\":\"WebSite\",\"@id\":\"https:\\\/\\\/www.mahne-germann.de\\\/#website\",\"url\":\"https:\\\/\\\/www.mahne-germann.de\\\/\",\"name\":\"mahne-germann.de\",\"description\":\"\",\"publisher\":{\"@id\":\"https:\\\/\\\/www.mahne-germann.de\\\/#organization\"},\"potentialAction\":[{\"@type\":\"SearchAction\",\"target\":{\"@type\":\"EntryPoint\",\"urlTemplate\":\"https:\\\/\\\/www.mahne-germann.de\\\/?s={search_term_string}\"},\"query-input\":{\"@type\":\"PropertyValueSpecification\",\"valueRequired\":true,\"valueName\":\"search_term_string\"}}],\"inLanguage\":\"en-US\"},{\"@type\":\"Organization\",\"@id\":\"https:\\\/\\\/www.mahne-germann.de\\\/#organization\",\"name\":\"MAHNE \u0131 GERMANN Rechtsanw\u00e4lte in Partnerschaft mbB\",\"url\":\"https:\\\/\\\/www.mahne-germann.de\\\/\",\"logo\":{\"@type\":\"ImageObject\",\"inLanguage\":\"en-US\",\"@id\":\"https:\\\/\\\/www.mahne-germann.de\\\/#\\\/schema\\\/logo\\\/image\\\/\",\"url\":\"https:\\\/\\\/www.mahne-germann.de\\\/wp-content\\\/uploads\\\/logo1b@2x.png\",\"contentUrl\":\"https:\\\/\\\/www.mahne-germann.de\\\/wp-content\\\/uploads\\\/logo1b@2x.png\",\"width\":740,\"height\":240,\"caption\":\"MAHNE \u0131 GERMANN Rechtsanw\u00e4lte in Partnerschaft mbB\"},\"image\":{\"@id\":\"https:\\\/\\\/www.mahne-germann.de\\\/#\\\/schema\\\/logo\\\/image\\\/\"}}]}<\/script>\n<!-- \/ Yoast SEO plugin. -->","yoast_head_json":{"title":"Notary - mahne-germann.de","description":"notarielle Urkunde, beweiskraft, Grundst\u00fccke, H\u00e4user und Wohnungen, Kauf von Bautr\u00e4gern, Immobilienschenkungen","robots":{"index":"index","follow":"follow","max-snippet":"max-snippet:-1","max-image-preview":"max-image-preview:large","max-video-preview":"max-video-preview:-1"},"canonical":"https:\/\/www.mahne-germann.de\/profil\/notar\/","og_locale":"en_US","og_type":"article","og_title":"Notary - mahne-germann.de","og_description":"{:de}Notare Hannover sachkundig, unabh\u00e4ngig und neutralnotarielle Urkunde, beweiskraft, Grundst\u00fccke, H\u00e4user und Wohnungen, Kauf von Bautr\u00e4gern, Immobilienschenkungen{:en}notarielle Urkunde, beweiskraft, Grundst\u00fccke, H\u00e4user und Wohnungen, Kauf von Bautr\u00e4gern, Immobilienschenkungen{:}","og_url":"https:\/\/www.mahne-germann.de\/profil\/notar\/","og_site_name":"mahne-germann.de","article_modified_time":"2023-09-01T09:22:11+00:00","twitter_misc":{"Est. reading time":"2 minutes"},"schema":{"@context":"https:\/\/schema.org","@graph":[{"@type":"WebPage","@id":"https:\/\/www.mahne-germann.de\/profil\/notar\/","url":"https:\/\/www.mahne-germann.de\/profil\/notar\/","name":"Notary - mahne-germann.de","isPartOf":{"@id":"https:\/\/www.mahne-germann.de\/#website"},"datePublished":"2015-01-09T13:46:25+00:00","dateModified":"2023-09-01T09:22:11+00:00","description":"{:de}Notare Hannover sachkundig, unabh\u00e4ngig und neutralnotarielle Urkunde, beweiskraft, Grundst\u00fccke, H\u00e4user und Wohnungen, Kauf von Bautr\u00e4gern, Immobilienschenkungen{:en}notarielle Urkunde, beweiskraft, Grundst\u00fccke, H\u00e4user und Wohnungen, Kauf von Bautr\u00e4gern, Immobilienschenkungen{:}","breadcrumb":{"@id":"https:\/\/www.mahne-germann.de\/profil\/notar\/#breadcrumb"},"inLanguage":"en-US","potentialAction":[{"@type":"ReadAction","target":["https:\/\/www.mahne-germann.de\/profil\/notar\/"]}]},{"@type":"BreadcrumbList","@id":"https:\/\/www.mahne-germann.de\/profil\/notar\/#breadcrumb","itemListElement":[{"@type":"ListItem","position":1,"name":"Home","item":"https:\/\/www.mahne-germann.de\/"},{"@type":"ListItem","position":2,"name":"Philosophie Ziele Grunds\u00e4tze","item":"https:\/\/www.mahne-germann.de\/profil\/"},{"@type":"ListItem","position":3,"name":"Notare"}]},{"@type":"WebSite","@id":"https:\/\/www.mahne-germann.de\/#website","url":"https:\/\/www.mahne-germann.de\/","name":"mahne-germann.de","description":"","publisher":{"@id":"https:\/\/www.mahne-germann.de\/#organization"},"potentialAction":[{"@type":"SearchAction","target":{"@type":"EntryPoint","urlTemplate":"https:\/\/www.mahne-germann.de\/?s={search_term_string}"},"query-input":{"@type":"PropertyValueSpecification","valueRequired":true,"valueName":"search_term_string"}}],"inLanguage":"en-US"},{"@type":"Organization","@id":"https:\/\/www.mahne-germann.de\/#organization","name":"MAHNE \u0131 GERMANN Rechtsanw\u00e4lte in Partnerschaft mbB","url":"https:\/\/www.mahne-germann.de\/","logo":{"@type":"ImageObject","inLanguage":"en-US","@id":"https:\/\/www.mahne-germann.de\/#\/schema\/logo\/image\/","url":"https:\/\/www.mahne-germann.de\/wp-content\/uploads\/logo1b@2x.png","contentUrl":"https:\/\/www.mahne-germann.de\/wp-content\/uploads\/logo1b@2x.png","width":740,"height":240,"caption":"MAHNE \u0131 GERMANN Rechtsanw\u00e4lte in Partnerschaft mbB"},"image":{"@id":"https:\/\/www.mahne-germann.de\/#\/schema\/logo\/image\/"}}]}},"jetpack_sharing_enabled":true,"_links":{"self":[{"href":"https:\/\/www.mahne-germann.de\/en\/wp-json\/wp\/v2\/pages\/29","targetHints":{"allow":["GET"]}}],"collection":[{"href":"https:\/\/www.mahne-germann.de\/en\/wp-json\/wp\/v2\/pages"}],"about":[{"href":"https:\/\/www.mahne-germann.de\/en\/wp-json\/wp\/v2\/types\/page"}],"author":[{"embeddable":true,"href":"https:\/\/www.mahne-germann.de\/en\/wp-json\/wp\/v2\/users\/1"}],"replies":[{"embeddable":true,"href":"https:\/\/www.mahne-germann.de\/en\/wp-json\/wp\/v2\/comments?post=29"}],"version-history":[{"count":65,"href":"https:\/\/www.mahne-germann.de\/en\/wp-json\/wp\/v2\/pages\/29\/revisions"}],"predecessor-version":[{"id":2046,"href":"https:\/\/www.mahne-germann.de\/en\/wp-json\/wp\/v2\/pages\/29\/revisions\/2046"}],"up":[{"embeddable":true,"href":"https:\/\/www.mahne-germann.de\/en\/wp-json\/wp\/v2\/pages\/8"}],"wp:attachment":[{"href":"https:\/\/www.mahne-germann.de\/en\/wp-json\/wp\/v2\/media?parent=29"}],"curies":[{"name":"wp","href":"https:\/\/api.w.org\/{rel}","templated":true}]}}